{"id":1269,"date":"2023-11-22T10:37:07","date_gmt":"2023-11-22T09:37:07","guid":{"rendered":"https:\/\/trinkform-koeln.de\/?post_type=product&#038;p=1269"},"modified":"2025-12-22T16:57:53","modified_gmt":"2025-12-22T15:57:53","slug":"trinkform-instant-limone","status":"publish","type":"product","link":"https:\/\/trinkform.de\/en\/shop\/getraenke\/instantpulver\/trinkform-instant-limone\/","title":{"rendered":"trinkForm\u00ae Instant LIMONE"},"content":{"rendered":"<p><strong> Zutaten des Fertiggetr\u00e4nkes: <\/strong><br \/>\nZucker, Dextrose, S\u00e4uerungsmittel Citronens\u00e4ure, Salz, Maltodextrin, pflanzliche \u00d6le und Fette (Palm, Raps), Zitronenfruchtpulver (0,1 %) (Maltodextrin, Zitronensaftkonzentrat), Orangenfruchtpulver (0,1 %) (Maltodextrin, Orangensaftkonzentrat), Aroma, L-Ascorbins\u00e4ure, Stabilisator Gummi arabicum, Farbstoff Beta Carotin.<\/p>\n<p>&nbsp;<\/p>\n<p><strong>N\u00e4hrwertangaben<\/strong> (je 100 g)<\/p>\n<table>\n<tbody>\n<tr>\n<td>Energie \/ N\u00e4hrstoffe<\/td>\n<td>Gehalt<\/td>\n<\/tr>\n<tr>\n<td>Brennwert<\/td>\n<td>1676 kj (394 kcal)<\/td>\n<\/tr>\n<tr>\n<td>Fett<\/p>\n<p>davon ges\u00e4ttigte Fetts\u00e4uren<\/td>\n<td>0\u00a0g<\/p>\n<p>0\u00a0g<\/td>\n<\/tr>\n<tr>\n<td>Kohlenhydrate<\/p>\n<p>davon Zucker<\/td>\n<td>95 g<\/p>\n<p>95 g<\/td>\n<\/tr>\n<tr>\n<td>Eiweiss<\/td>\n<td>0\u00a0g<\/td>\n<\/tr>\n<tr>\n<td>Vitamin C<\/td>\n<td>90\u00a0mg<\/td>\n<\/tr>\n<\/tbody>\n<\/table>\n","protected":false},"excerpt":{"rendered":"<h2>Instantpulver mit Limone-Geschmack<\/h2>\n<h3>zum Anmischen eines Mineralgetr\u00e4nks<\/h3>\n","protected":false},"featured_media":3080,"template":"","meta":[],"product_brand":[],"product_cat":[42,89],"product_tag":[119],"class_list":{"0":"post-1269","1":"product","2":"type-product","3":"status-publish","4":"has-post-thumbnail","6":"product_cat-instantpulver","7":"product_cat-getraenke","8":"product_tag-1000-g-beutel","10":"first","11":"instock","12":"taxable","13":"shipping-taxable","14":"purchasable","15":"product-type-simple"},"_links":{"self":[{"href":"https:\/\/trinkform.de\/en\/wp-json\/wp\/v2\/product\/1269","targetHints":{"allow":["GET"]}}],"collection":[{"href":"https:\/\/trinkform.de\/en\/wp-json\/wp\/v2\/product"}],"about":[{"href":"https:\/\/trinkform.de\/en\/wp-json\/wp\/v2\/types\/product"}],"version-history":[{"count":1,"href":"https:\/\/trinkform.de\/en\/wp-json\/wp\/v2\/product\/1269\/revisions"}],"predecessor-version":[{"id":11500,"href":"https:\/\/trinkform.de\/en\/wp-json\/wp\/v2\/product\/1269\/revisions\/11500"}],"wp:featuredmedia":[{"embeddable":true,"href":"https:\/\/trinkform.de\/en\/wp-json\/wp\/v2\/media\/3080"}],"wp:attachment":[{"href":"https:\/\/trinkform.de\/en\/wp-json\/wp\/v2\/media?parent=1269"}],"wp:term":[{"taxonomy":"product_brand","embeddable":true,"href":"https:\/\/trinkform.de\/en\/wp-json\/wp\/v2\/product_brand?post=1269"},{"taxonomy":"product_cat","embeddable":true,"href":"https:\/\/trinkform.de\/en\/wp-json\/wp\/v2\/product_cat?post=1269"},{"taxonomy":"product_tag","embeddable":true,"href":"https:\/\/trinkform.de\/en\/wp-json\/wp\/v2\/product_tag?post=1269"}],"curies":[{"name":"wp","href":"https:\/\/api.w.org\/{rel}","templated":true}]}}