{"id":13079,"date":"2025-07-29T14:19:51","date_gmt":"2025-07-29T12:19:51","guid":{"rendered":"https:\/\/trinkform.de\/?post_type=product&#038;p=13079"},"modified":"2026-04-13T12:02:27","modified_gmt":"2026-04-13T10:02:27","slug":"trinkflasche-750-ml","status":"publish","type":"product","link":"https:\/\/trinkform.de\/en\/shop\/zubehoer\/trinkflasche-750-ml\/","title":{"rendered":"Trinkflasche 750 ml"},"content":{"rendered":"<p>Unsere Trinkflaschen zeichnen sich durch Geschmacks- und Geruchsneutralit\u00e4t, Schlagz\u00e4higkeit, Druckstabilit\u00e4t und Eignung f\u00fcr Geschirrsp\u00fclmaschinen aus. Bei unseren Mehrweg-Trinkflaschen wird das weltweit verwendete Produkt Tritan verarbeitet, das 100% frei von Bisphenol A und durch seine besonderen Eigenschaften bestens f\u00fcr Tafelwasseranlagen geeignet ist.<\/p>\n<p><strong>Die Eigenschaften im \u00dcberblick:<\/strong><\/p>\n<p>\u2022 Material: Tritan<br \/>\n\u2022 rutschsicherer Verschluss<br \/>\n\u2022 blau-transparent<br \/>\n\u2022 schlagz\u00e4h<br \/>\n\u2022 geschmacks- und geruchsneutral<br \/>\n\u2022 frei von Bisphenol A<br \/>\n\u2022 extragro\u00dfe Trink\u00f6ffnung<br \/>\n\u2022 lebensmittelecht<br \/>\n\u2022 sp\u00fclmaschinenfest<br \/>\n\u2022 gro\u00dfe Griffmulde f\u00fcr sichere Handhabung<br \/>\n\u2022 druckstabil<\/p>\n<p><strong>Individueller Druck:<\/strong><br \/>\nUnsere Trinkflaschen sind auch individuell bedruckbar.<br \/>\nBei Interesse senden wir Ihnen gerne ein Angebot zu.<\/p>\n","protected":false},"excerpt":{"rendered":"<h2>F\u00fcr trinkForm\u00ae Getr\u00e4nkeautomaten.<\/h2>\n<h3>Aus Tritan, mit 360 Grad-Griffmulde, BPA- und BPS-frei, sp\u00fclmaschienenfest<\/h3>\n<p>Personalisierter Aufdruck auf Anfrage m\u00f6glich. <a href=\"\/kontakt\/\" target=\"_blank\" rel=\"noopener\">Kontaktieren Sie uns<\/a>.<\/p>\n","protected":false},"featured_media":3514,"template":"","meta":[],"product_brand":[],"product_cat":[46],"product_tag":[],"class_list":{"0":"post-13079","1":"product","2":"type-product","3":"status-publish","4":"has-post-thumbnail","6":"product_cat-zubehoer","8":"first","9":"instock","10":"taxable","11":"shipping-taxable","12":"purchasable","13":"product-type-simple"},"_links":{"self":[{"href":"https:\/\/trinkform.de\/en\/wp-json\/wp\/v2\/product\/13079","targetHints":{"allow":["GET"]}}],"collection":[{"href":"https:\/\/trinkform.de\/en\/wp-json\/wp\/v2\/product"}],"about":[{"href":"https:\/\/trinkform.de\/en\/wp-json\/wp\/v2\/types\/product"}],"version-history":[{"count":2,"href":"https:\/\/trinkform.de\/en\/wp-json\/wp\/v2\/product\/13079\/revisions"}],"predecessor-version":[{"id":13081,"href":"https:\/\/trinkform.de\/en\/wp-json\/wp\/v2\/product\/13079\/revisions\/13081"}],"wp:featuredmedia":[{"embeddable":true,"href":"https:\/\/trinkform.de\/en\/wp-json\/wp\/v2\/media\/3514"}],"wp:attachment":[{"href":"https:\/\/trinkform.de\/en\/wp-json\/wp\/v2\/media?parent=13079"}],"wp:term":[{"taxonomy":"product_brand","embeddable":true,"href":"https:\/\/trinkform.de\/en\/wp-json\/wp\/v2\/product_brand?post=13079"},{"taxonomy":"product_cat","embeddable":true,"href":"https:\/\/trinkform.de\/en\/wp-json\/wp\/v2\/product_cat?post=13079"},{"taxonomy":"product_tag","embeddable":true,"href":"https:\/\/trinkform.de\/en\/wp-json\/wp\/v2\/product_tag?post=13079"}],"curies":[{"name":"wp","href":"https:\/\/api.w.org\/{rel}","templated":true}]}}