{"id":3241,"date":"2023-12-19T15:59:32","date_gmt":"2023-12-19T14:59:32","guid":{"rendered":"https:\/\/trinkform-koeln.de\/?post_type=product&#038;p=3241"},"modified":"2024-03-12T17:17:13","modified_gmt":"2024-03-12T16:17:13","slug":"modell-2-eco-getraenkeautomat","status":"publish","type":"product","link":"https:\/\/trinkform.de\/en\/shop\/getraenkeautomaten\/modell-2-eco-getraenkeautomat\/","title":{"rendered":"Modell 2 ECO &#8211; Messemodell Getr\u00e4nkeautomat"},"content":{"rendered":"<p><strong>Minimaler Platz f\u00fcr maximale Leistung<\/strong><br \/>\nDer kosteng\u00fcnstige Spezialist f\u00fcr die Abgabe von 2 gek\u00fchlten Getr\u00e4nken und Wasser, still. Einfach und zuverl\u00e4ssig, schnelle Dosierungseinstellung per Drehregler, programmierbar auf PULS und FIXMENGE, Becher- und Kannenabgabe ist einstellbar. Automatische Reinigung! Ausgabe mit LED-Beleuchtung und robuste, sch\u00f6ne Edelstahltaster f\u00fcr \u00fcbersichtliche und klare Auswahl.<\/p>\n<p>&nbsp;<\/p>\n<table>\n<tbody>\n<tr>\n<td><strong>Technische Daten<\/strong><\/td>\n<td><\/td>\n<\/tr>\n<tr>\n<td>Ausstattung<\/td>\n<td>integrierte K\u00fchlung, MidMix-Technik, Flutsicherheitssystem (FSS), Front-Display (beleuchtet), LED-beleuchteter Ausgabebereich, ESI Produktschilder, Sirupeinspritzventil (SIV)<\/td>\n<\/tr>\n<tr>\n<td>Gewicht<\/td>\n<td>ca. 40 kg<\/td>\n<\/tr>\n<tr>\n<td>Anschl\u00fcsse<\/td>\n<td>Strom: 230 V \/ 50 &#8211; 60 Hz Trinkwasser: 3\/4&#8243; Wasserleitung mit R\u00fcckflussverhinderer (gem. DIN EN 1717)<\/td>\n<\/tr>\n<tr>\n<td>Ma\u00dfe (B x H x T)<\/td>\n<td>420 x 420 x 460 mm<\/td>\n<\/tr>\n<tr>\n<td>Ausgabeh\u00f6he<\/td>\n<td>160\u00a0oder\u00a0240\u00a0mm\u00a0(je\u00a0nach\u00a0H\u00f6he\u00a0der Tropfschale)<\/td>\n<\/tr>\n<tr>\n<td>K\u00fchlungskapazit\u00e4t<\/td>\n<td>28 l\/h<\/td>\n<\/tr>\n<tr>\n<td>Verbrauch<br \/>\n(Leistungsaufnahme max.)<\/td>\n<td>250 W (Co2: 320 W)<\/td>\n<\/tr>\n<tr>\n<td>Optional erh\u00e4ltlich<\/td>\n<td>Unterschrank, Gallone mit Pumpe<\/td>\n<\/tr>\n<\/tbody>\n<\/table>\n","protected":false},"excerpt":{"rendered":"<h2>Getr\u00e4nkeautomat<\/h2>\n<h3>zum Anmischen von trinkForm\u00ae Getr\u00e4nken auf Konzentratbasis<\/h3>\n","protected":false},"featured_media":3243,"template":"","meta":[],"product_brand":[],"product_cat":[43,82],"product_tag":[],"class_list":{"0":"post-3241","1":"product","2":"type-product","3":"status-publish","4":"has-post-thumbnail","6":"product_cat-getraenkeautomaten","7":"product_cat-standgeraete","8":"product_shipping_class-kostenlose-lieferung","10":"first","11":"instock","12":"taxable","13":"shipping-taxable","14":"purchasable","15":"product-type-simple"},"_links":{"self":[{"href":"https:\/\/trinkform.de\/en\/wp-json\/wp\/v2\/product\/3241","targetHints":{"allow":["GET"]}}],"collection":[{"href":"https:\/\/trinkform.de\/en\/wp-json\/wp\/v2\/product"}],"about":[{"href":"https:\/\/trinkform.de\/en\/wp-json\/wp\/v2\/types\/product"}],"version-history":[{"count":2,"href":"https:\/\/trinkform.de\/en\/wp-json\/wp\/v2\/product\/3241\/revisions"}],"predecessor-version":[{"id":5521,"href":"https:\/\/trinkform.de\/en\/wp-json\/wp\/v2\/product\/3241\/revisions\/5521"}],"wp:featuredmedia":[{"embeddable":true,"href":"https:\/\/trinkform.de\/en\/wp-json\/wp\/v2\/media\/3243"}],"wp:attachment":[{"href":"https:\/\/trinkform.de\/en\/wp-json\/wp\/v2\/media?parent=3241"}],"wp:term":[{"taxonomy":"product_brand","embeddable":true,"href":"https:\/\/trinkform.de\/en\/wp-json\/wp\/v2\/product_brand?post=3241"},{"taxonomy":"product_cat","embeddable":true,"href":"https:\/\/trinkform.de\/en\/wp-json\/wp\/v2\/product_cat?post=3241"},{"taxonomy":"product_tag","embeddable":true,"href":"https:\/\/trinkform.de\/en\/wp-json\/wp\/v2\/product_tag?post=3241"}],"curies":[{"name":"wp","href":"https:\/\/api.w.org\/{rel}","templated":true}]}}