{"id":3249,"date":"2023-12-19T16:28:14","date_gmt":"2023-12-19T15:28:14","guid":{"rendered":"https:\/\/trinkform-koeln.de\/?post_type=product&#038;p=3249"},"modified":"2024-03-12T14:53:59","modified_gmt":"2024-03-12T13:53:59","slug":"modell-ct-4-still-getraenkeautomat","status":"publish","type":"product","link":"https:\/\/trinkform.de\/en\/shop\/getraenkeautomaten\/modell-ct-4-still-getraenkeautomat\/","title":{"rendered":"Modell CT L 4 STILL Getr\u00e4nkeautomat"},"content":{"rendered":"<p><strong>Formsch\u00f6n, elegant und flexibel!<\/strong><br \/>\nUnser <strong>Modell CT<\/strong> &#8211; der <strong>C<\/strong>ounter <strong>T<\/strong>op &#8211; Getr\u00e4nkeautomat f\u00fcr 4 gek\u00fchlte Mineralgetr\u00e4nke plus stillem Wasser \u00fcberzeugt durch seine formsch\u00f6ne schlichte Eleganz! Die Ausgabeh\u00f6he ist bei der Montage variabel bis 310 mm einstellbar &#8211; ideal f\u00fcr Karaffen, Sportflaschen, Gl\u00e4ser und Becher. Innovatives zeitloses Design, h\u00f6chste Material- &amp; Verarbeitungsqualit\u00e4t, sowie einfache und logische Bedienung garantieren eine hohe Akzeptanz bei den Nutzer*innen. Flexible Montage &#8211; eine Bohrschablone wird bei der Montage in einer vorhandenen Theke zur Verf\u00fcgung gestellt. Die gesamte Technik inkl. Konzentratbags k\u00f6nnen im Unterschrank oder in einer vorhandenen Theke platziert werden. Dies gew\u00e4hrleistet eine einfache Nachf\u00fcllung.<\/p>\n<p>&nbsp;<\/p>\n<table>\n<tbody>\n<tr>\n<td>Technische Daten<\/td>\n<td><\/td>\n<\/tr>\n<tr>\n<td>Ausstattung<\/td>\n<td>integrierte K\u00fchlung, MidMix-Technik, Flutsicherheitssystem (FSS), Front-Display (beleuchtet), LED-beleuchteter Ausgabebereich, ESI Produktschilder, Sirupeinspritzventil (SIV)<\/td>\n<\/tr>\n<tr>\n<td>Gewicht<\/td>\n<td>ca. 50 kg<\/td>\n<\/tr>\n<tr>\n<td>Anschl\u00fcsse<\/td>\n<td>Strom: 230 V \/ 50 &#8211; 60 Hz Trinkwasser: 3\/4&#8243; Wasserleitung mit R\u00fcckflussverhinderer (gem. DIN EN 1717)<\/td>\n<\/tr>\n<tr>\n<td>Ma\u00dfe (B x H x T)<\/td>\n<td>210 x 360 x 250 mm<\/td>\n<\/tr>\n<tr>\n<td>Ausgabeh\u00f6he<\/td>\n<td>140\u00a0oder 310 mm\u00a0(je\u00a0nach\u00a0H\u00f6he\u00a0der Tropfschale)<\/td>\n<\/tr>\n<tr>\n<td>K\u00fchlungskapazit\u00e4t<\/td>\n<td>28 l\/h<\/td>\n<\/tr>\n<tr>\n<td>Verbrauch<br \/>\n(Leistungsaufnahme max.)<\/td>\n<td>250 W (Co2: 320 W)<\/td>\n<\/tr>\n<tr>\n<td>Optional gegen Aufpreis erh\u00e4ltlich<\/td>\n<td>Unterschrank L, potentielles RFID-Freischaltekabel, Gallone mit Pumpe, Ablauf in Kanister<\/td>\n<\/tr>\n<\/tbody>\n<\/table>\n<p>&nbsp;<\/p>\n","protected":false},"excerpt":{"rendered":"<h2>Getr\u00e4nkeautomat<\/h2>\n<h3>zum Anmischen von trinkForm\u00ae Getr\u00e4nken auf Konzentratbasis<\/h3>\n","protected":false},"featured_media":3251,"template":"","meta":[],"product_brand":[],"product_cat":[43,81],"product_tag":[],"class_list":{"0":"post-3249","1":"product","2":"type-product","3":"status-publish","4":"has-post-thumbnail","6":"product_cat-getraenkeautomaten","7":"product_cat-einbau","8":"product_shipping_class-kostenlose-lieferung","10":"first","11":"instock","12":"taxable","13":"shipping-taxable","14":"purchasable","15":"product-type-simple"},"_links":{"self":[{"href":"https:\/\/trinkform.de\/en\/wp-json\/wp\/v2\/product\/3249","targetHints":{"allow":["GET"]}}],"collection":[{"href":"https:\/\/trinkform.de\/en\/wp-json\/wp\/v2\/product"}],"about":[{"href":"https:\/\/trinkform.de\/en\/wp-json\/wp\/v2\/types\/product"}],"version-history":[{"count":2,"href":"https:\/\/trinkform.de\/en\/wp-json\/wp\/v2\/product\/3249\/revisions"}],"predecessor-version":[{"id":5517,"href":"https:\/\/trinkform.de\/en\/wp-json\/wp\/v2\/product\/3249\/revisions\/5517"}],"wp:featuredmedia":[{"embeddable":true,"href":"https:\/\/trinkform.de\/en\/wp-json\/wp\/v2\/media\/3251"}],"wp:attachment":[{"href":"https:\/\/trinkform.de\/en\/wp-json\/wp\/v2\/media?parent=3249"}],"wp:term":[{"taxonomy":"product_brand","embeddable":true,"href":"https:\/\/trinkform.de\/en\/wp-json\/wp\/v2\/product_brand?post=3249"},{"taxonomy":"product_cat","embeddable":true,"href":"https:\/\/trinkform.de\/en\/wp-json\/wp\/v2\/product_cat?post=3249"},{"taxonomy":"product_tag","embeddable":true,"href":"https:\/\/trinkform.de\/en\/wp-json\/wp\/v2\/product_tag?post=3249"}],"curies":[{"name":"wp","href":"https:\/\/api.w.org\/{rel}","templated":true}]}}