{"id":3263,"date":"2023-12-19T16:49:47","date_gmt":"2023-12-19T15:49:47","guid":{"rendered":"https:\/\/trinkform-koeln.de\/?post_type=product&#038;p=3263"},"modified":"2025-07-29T14:06:46","modified_gmt":"2025-07-29T12:06:46","slug":"modell-wm-eco-getraenkeautomat","status":"publish","type":"product","link":"https:\/\/trinkform.de\/en\/shop\/getraenkeautomaten\/modell-wm-eco-getraenkeautomat\/","title":{"rendered":"Modell WM 4 STILL Getr\u00e4nkeautomat"},"content":{"rendered":"<p><strong>Schwebend sch\u00f6nes Raumwunder<\/strong><br \/>\nDer kosteng\u00fcnstige Spezialist f\u00fcr die Abgabe von 4 gek\u00fchlten Mineralgetr\u00e4nken und stillem Wasser. Schnelle Dosierungseinstellung per Drehregler und automatische Nachsp\u00fclung mit Wasser dank patentiertem Midmix-System! Ausgabe mit LED-Beleuchtung und robuste, sch\u00f6ne Edelstahltaster f\u00fcr \u00fcbersichtliche und klare Auswahl. Einfach und zuverl\u00e4ssig als platzsparende Wandmontage.<\/p>\n<p>&nbsp;<\/p>\n<table>\n<tbody>\n<tr>\n<td>Technische Daten<\/td>\n<td><\/td>\n<\/tr>\n<tr>\n<td>Ausstattung<\/td>\n<td>integrierte K\u00fchlung, MidMix-Technik, Flutsicherheitssystem (FSS), Front-Display (beleuchtet), LED-beleuchteter Ausgabebereich, ESI Produktschilder, Sirupeinspritzventil (SIV)<\/td>\n<\/tr>\n<tr>\n<td>Gewicht<\/td>\n<td>ca. 60 kg<\/td>\n<\/tr>\n<tr>\n<td>Anschl\u00fcsse<\/td>\n<td>Strom: 230 V \/ 50 &#8211; 60 Hz Trinkwasser: 3\/4&#8243; Wasserleitung mit R\u00fcckflussverhinderer (gem. DIN EN 1717)<\/td>\n<\/tr>\n<tr>\n<td>Ma\u00dfe (B x H x T)<\/td>\n<td>725 x 735 x 325 mm<\/td>\n<\/tr>\n<tr>\n<td>Ausgabeh\u00f6he<\/td>\n<td>160 oder 310 mm (je nach H\u00f6he der Tropfschale)<\/td>\n<\/tr>\n<tr>\n<td>K\u00fchlungskapazit\u00e4t<\/td>\n<td>28 l\/h<\/td>\n<\/tr>\n<tr>\n<td>Verbrauch<br \/>\n(Leistungsaufnahme max.)<\/td>\n<td>250 W (Co2 320 W)<\/td>\n<\/tr>\n<tr>\n<td>Optional gegen Aufpreis erh\u00e4ltlich<\/td>\n<td>Potentielles RFID-Freischaltekabel, Gallone mit Pumpe<\/td>\n<\/tr>\n<\/tbody>\n<\/table>\n<p>&nbsp;<\/p>\n","protected":false},"excerpt":{"rendered":"<h2>Getr\u00e4nkeautomat<\/h2>\n<h3>zum Anmischen von trinkForm\u00ae Getr\u00e4nkesirup mit frischem Trinkwasser aus der Leitung<\/h3>\n","protected":false},"featured_media":2154,"template":"","meta":[],"product_brand":[],"product_cat":[43,83],"product_tag":[],"class_list":{"0":"post-3263","1":"product","2":"type-product","3":"status-publish","4":"has-post-thumbnail","6":"product_cat-getraenkeautomaten","7":"product_cat-wandmontage","8":"product_shipping_class-kostenlose-lieferung","10":"first","11":"instock","12":"taxable","13":"shipping-taxable","14":"purchasable","15":"product-type-simple"},"_links":{"self":[{"href":"https:\/\/trinkform.de\/en\/wp-json\/wp\/v2\/product\/3263","targetHints":{"allow":["GET"]}}],"collection":[{"href":"https:\/\/trinkform.de\/en\/wp-json\/wp\/v2\/product"}],"about":[{"href":"https:\/\/trinkform.de\/en\/wp-json\/wp\/v2\/types\/product"}],"version-history":[{"count":3,"href":"https:\/\/trinkform.de\/en\/wp-json\/wp\/v2\/product\/3263\/revisions"}],"predecessor-version":[{"id":13076,"href":"https:\/\/trinkform.de\/en\/wp-json\/wp\/v2\/product\/3263\/revisions\/13076"}],"wp:featuredmedia":[{"embeddable":true,"href":"https:\/\/trinkform.de\/en\/wp-json\/wp\/v2\/media\/2154"}],"wp:attachment":[{"href":"https:\/\/trinkform.de\/en\/wp-json\/wp\/v2\/media?parent=3263"}],"wp:term":[{"taxonomy":"product_brand","embeddable":true,"href":"https:\/\/trinkform.de\/en\/wp-json\/wp\/v2\/product_brand?post=3263"},{"taxonomy":"product_cat","embeddable":true,"href":"https:\/\/trinkform.de\/en\/wp-json\/wp\/v2\/product_cat?post=3263"},{"taxonomy":"product_tag","embeddable":true,"href":"https:\/\/trinkform.de\/en\/wp-json\/wp\/v2\/product_tag?post=3263"}],"curies":[{"name":"wp","href":"https:\/\/api.w.org\/{rel}","templated":true}]}}