{"id":3274,"date":"2023-12-20T10:20:26","date_gmt":"2023-12-20T09:20:26","guid":{"rendered":"https:\/\/trinkform-koeln.de\/?post_type=product&#038;p=3274"},"modified":"2024-03-12T13:34:43","modified_gmt":"2024-03-12T12:34:43","slug":"unterschrank-s","status":"publish","type":"product","link":"https:\/\/trinkform.de\/en\/shop\/getraenkeautomaten\/standgeraete\/unterschrank-s\/","title":{"rendered":"Unterschrank S"},"content":{"rendered":"<p><strong>Unterschrank S<\/strong><br \/>\nRobuster Stahlschrank in schwarzer Lackierung mit h\u00f6henverstellbaren F\u00fc\u00dfen und abschlie\u00dfbarer T\u00fcr. Ideal zur Unterbringung von CO<sub>2<\/sub>-Flasche, Bechern, trinkForm<sup>\u00ae<\/sup> Konzentraten oder Reinigungsmitteln.<\/p>\n<p>&nbsp;<\/p>\n<table>\n<tbody>\n<tr>\n<td>Technische Daten<\/td>\n<td><\/td>\n<\/tr>\n<tr>\n<td>Ma\u00dfe (B x H x T)<\/td>\n<td>430 x 860 x 480 mm<\/td>\n<\/tr>\n<tr>\n<td>Geeignet f\u00fcr Modelle<\/td>\n<td>2 oder ID 3<\/td>\n<\/tr>\n<\/tbody>\n<\/table>\n","protected":false},"excerpt":{"rendered":"<h2>Kleiner Unterschrank<\/h2>\n<h3>f\u00fcr trinkForm\u00ae Getr\u00e4nkeautomaten.<\/h3>\n","protected":false},"featured_media":3277,"template":"","meta":[],"product_brand":[],"product_cat":[82,43],"product_tag":[],"class_list":{"0":"post-3274","1":"product","2":"type-product","3":"status-publish","4":"has-post-thumbnail","6":"product_cat-standgeraete","7":"product_cat-getraenkeautomaten","9":"first","10":"instock","11":"taxable","12":"shipping-taxable","13":"purchasable","14":"product-type-simple"},"_links":{"self":[{"href":"https:\/\/trinkform.de\/en\/wp-json\/wp\/v2\/product\/3274","targetHints":{"allow":["GET"]}}],"collection":[{"href":"https:\/\/trinkform.de\/en\/wp-json\/wp\/v2\/product"}],"about":[{"href":"https:\/\/trinkform.de\/en\/wp-json\/wp\/v2\/types\/product"}],"version-history":[{"count":2,"href":"https:\/\/trinkform.de\/en\/wp-json\/wp\/v2\/product\/3274\/revisions"}],"predecessor-version":[{"id":5509,"href":"https:\/\/trinkform.de\/en\/wp-json\/wp\/v2\/product\/3274\/revisions\/5509"}],"wp:featuredmedia":[{"embeddable":true,"href":"https:\/\/trinkform.de\/en\/wp-json\/wp\/v2\/media\/3277"}],"wp:attachment":[{"href":"https:\/\/trinkform.de\/en\/wp-json\/wp\/v2\/media?parent=3274"}],"wp:term":[{"taxonomy":"product_brand","embeddable":true,"href":"https:\/\/trinkform.de\/en\/wp-json\/wp\/v2\/product_brand?post=3274"},{"taxonomy":"product_cat","embeddable":true,"href":"https:\/\/trinkform.de\/en\/wp-json\/wp\/v2\/product_cat?post=3274"},{"taxonomy":"product_tag","embeddable":true,"href":"https:\/\/trinkform.de\/en\/wp-json\/wp\/v2\/product_tag?post=3274"}],"curies":[{"name":"wp","href":"https:\/\/api.w.org\/{rel}","templated":true}]}}