{"id":3360,"date":"2023-12-21T11:11:49","date_gmt":"2023-12-21T10:11:49","guid":{"rendered":"https:\/\/trinkform-koeln.de\/?post_type=product&#038;p=3360"},"modified":"2024-02-12T17:11:28","modified_gmt":"2024-02-12T16:11:28","slug":"trinkform-plus-konzentrat-sauerkirsch","status":"publish","type":"product","link":"https:\/\/trinkform.de\/en\/shop\/getraenke\/trinkform-plus-konzentrat-sauerkirsch\/","title":{"rendered":"trinkForm\u00ae plus Konzentrat SAUERKIRSCH"},"content":{"rendered":"<p><strong>Zutaten des Fertiggetr\u00e4nkes:<\/strong><br \/>\nWasser, Invertzuckersirup, S\u00e4uerungsmittel Zitronens\u00e4ure, nat\u00fcrliches Aroma, f\u00e4rbendes Lebensmittel (Konzentrat aus Karotte, Hibiskus), Mineralstoff Tri Magnesiumdicitrat, Farbstoff Ammoniumsulfit-Zuckerkul\u00f6r, Konservierungsstoffe Natriumbenzoat, S\u00fc\u00dfungsmittel Sucralose, Vitamine Niacin, Pantothens\u00e4ure, B 6 und Fols\u00e4ure<\/p>\n<p>&nbsp;<\/p>\n<p><strong>N\u00e4hrwertangaben<\/strong>\u00a0(je 100 ml Fertiggetr\u00e4nk*)<\/p>\n<table>\n<tbody>\n<tr>\n<td>Energie \/ N\u00e4hrstoffe<\/td>\n<td>Gehalt<\/td>\n<\/tr>\n<tr>\n<td>Brennwert<\/td>\n<td>29 kj (7 kcal)<\/td>\n<\/tr>\n<tr>\n<td>Fett<\/p>\n<p>davon ges\u00e4ttigte Fetts\u00e4uren<\/td>\n<td>0 g<\/p>\n<p>0 g<\/td>\n<\/tr>\n<tr>\n<td>Kohlenhydrate<\/p>\n<p>davon Zucker<\/td>\n<td>1.5 g<\/p>\n<p>1.5 g<\/td>\n<\/tr>\n<tr>\n<td>Eiweiss<\/td>\n<td>0 g<\/td>\n<\/tr>\n<tr>\n<td>Salz<\/td>\n<td>0.03 g (davon ca. 0,01 g aus\u00a0dem verwendeten Wasser)<\/td>\n<\/tr>\n<tr>\n<td>Niacin<\/td>\n<td>1,2 mg**<\/td>\n<\/tr>\n<tr>\n<td>Pantothens\u00e4ure<\/td>\n<td>0,45 mg**<\/td>\n<\/tr>\n<tr>\n<td>Vitamin B6<\/td>\n<td>0,105 mg**<\/td>\n<\/tr>\n<tr>\n<td>Fols\u00e4ure<\/td>\n<td>15 \u00b5g**<\/td>\n<\/tr>\n<\/tbody>\n<\/table>\n<p>* Ausmischung gem. Richtdosage<br \/>\n** Anteil der empfohlenen Tagesdosis: 7,5 %<\/p>\n","protected":false},"excerpt":{"rendered":"<h2>Konzentrat mit Sauerkirsch-Geschmack<\/h2>\n<h3>zum Anmischen eines Getr\u00e4nks \u00fcber trinkForm\u00ae Getr\u00e4nkeautomaten<\/h3>\n","protected":false},"featured_media":3342,"template":"","meta":[],"product_brand":[],"product_cat":[89,41,85],"product_tag":[117],"class_list":{"0":"post-3360","1":"product","2":"type-product","3":"status-publish","4":"has-post-thumbnail","6":"product_cat-getraenke","7":"product_cat-konzentrate","8":"product_cat-trinkform-plus","9":"product_tag-3-liter-bag-in-box","11":"first","12":"instock","13":"taxable","14":"shipping-taxable","15":"purchasable","16":"product-type-simple"},"_links":{"self":[{"href":"https:\/\/trinkform.de\/en\/wp-json\/wp\/v2\/product\/3360","targetHints":{"allow":["GET"]}}],"collection":[{"href":"https:\/\/trinkform.de\/en\/wp-json\/wp\/v2\/product"}],"about":[{"href":"https:\/\/trinkform.de\/en\/wp-json\/wp\/v2\/types\/product"}],"version-history":[{"count":0,"href":"https:\/\/trinkform.de\/en\/wp-json\/wp\/v2\/product\/3360\/revisions"}],"wp:featuredmedia":[{"embeddable":true,"href":"https:\/\/trinkform.de\/en\/wp-json\/wp\/v2\/media\/3342"}],"wp:attachment":[{"href":"https:\/\/trinkform.de\/en\/wp-json\/wp\/v2\/media?parent=3360"}],"wp:term":[{"taxonomy":"product_brand","embeddable":true,"href":"https:\/\/trinkform.de\/en\/wp-json\/wp\/v2\/product_brand?post=3360"},{"taxonomy":"product_cat","embeddable":true,"href":"https:\/\/trinkform.de\/en\/wp-json\/wp\/v2\/product_cat?post=3360"},{"taxonomy":"product_tag","embeddable":true,"href":"https:\/\/trinkform.de\/en\/wp-json\/wp\/v2\/product_tag?post=3360"}],"curies":[{"name":"wp","href":"https:\/\/api.w.org\/{rel}","templated":true}]}}