{"id":3387,"date":"2023-12-21T11:26:26","date_gmt":"2023-12-21T10:26:26","guid":{"rendered":"https:\/\/trinkform-koeln.de\/?post_type=product&#038;p=3387"},"modified":"2026-02-02T10:53:29","modified_gmt":"2026-02-02T09:53:29","slug":"trinkform-konzentrat-cola-orange","status":"publish","type":"product","link":"https:\/\/trinkform.de\/en\/shop\/getraenke\/trinkform-konzentrat-cola-orange\/","title":{"rendered":"trinkForm\u00ae Konzentrat COLA &#8211; ORANGE"},"content":{"rendered":"<p><strong>Zutaten des Fertiggetr\u00e4nkes:<\/strong><br \/>\nWasser, Zucker, S\u00e4uerungsmittel (Citronens\u00e4ure, Phosphors\u00e4ure), Natursole, nat\u00fcrliches Aroma, Farbstoff AMMONSULFIT-ZUCKERKUL\u00d6R, Konservierungsstoff Natriumbenzoat, S\u00fc\u00dfungsmittel Saccharin, Aroma: Koffein.<\/p>\n<p>&nbsp;<\/p>\n<p><strong>N\u00e4hrwertangaben<\/strong>\u00a0(je 100 ml Fertiggetr\u00e4nk*)<\/p>\n<table>\n<tbody>\n<tr>\n<td>Energie \/ N\u00e4hrstoffe<\/td>\n<td>Gehalt<\/td>\n<\/tr>\n<tr>\n<td>Brennwert<\/td>\n<td>47 kj (11 kcal)<\/td>\n<\/tr>\n<tr>\n<td>Fett<\/p>\n<p>davon ges\u00e4ttigte Fetts\u00e4uren<\/td>\n<td>unter 0,5 g<\/p>\n<p>unter 0,1 g<\/td>\n<\/tr>\n<tr>\n<td>Kohlenhydrate<\/p>\n<p>davon Zucker<\/td>\n<td>2,6 g<\/p>\n<p>2,6 g<\/td>\n<\/tr>\n<tr>\n<td>Eiweiss<\/td>\n<td>unter 0,5 g<\/td>\n<\/tr>\n<tr>\n<td>Salz<\/td>\n<td>0.033 g (davon ca. 0,01 g aus\u00a0dem verwendeten Wasser)<\/td>\n<\/tr>\n<\/tbody>\n<\/table>\n<p>* Ausmischung gem. Richtdosage<br \/>\n** Anteil der empfohlenen Tagesdosis: 7,5 %<\/p>\n","protected":false},"excerpt":{"rendered":"<h2>Konzentrat mit Cola-Orange-Geschmack<\/h2>\n<h3>zum Anmischen eines Getr\u00e4nks \u00fcber trinkForm\u00ae Getr\u00e4nkeautomaten<\/h3>\n","protected":false},"featured_media":3353,"template":"","meta":[],"product_brand":[],"product_cat":[89,41,87],"product_tag":[118],"class_list":{"0":"post-3387","1":"product","2":"type-product","3":"status-publish","4":"has-post-thumbnail","6":"product_cat-getraenke","7":"product_cat-konzentrate","8":"product_cat-trinkform-basic","9":"product_tag-10-liter-bag-in-box","11":"first","12":"instock","13":"taxable","14":"shipping-taxable","15":"purchasable","16":"product-type-simple"},"_links":{"self":[{"href":"https:\/\/trinkform.de\/en\/wp-json\/wp\/v2\/product\/3387","targetHints":{"allow":["GET"]}}],"collection":[{"href":"https:\/\/trinkform.de\/en\/wp-json\/wp\/v2\/product"}],"about":[{"href":"https:\/\/trinkform.de\/en\/wp-json\/wp\/v2\/types\/product"}],"version-history":[{"count":1,"href":"https:\/\/trinkform.de\/en\/wp-json\/wp\/v2\/product\/3387\/revisions"}],"predecessor-version":[{"id":6098,"href":"https:\/\/trinkform.de\/en\/wp-json\/wp\/v2\/product\/3387\/revisions\/6098"}],"wp:featuredmedia":[{"embeddable":true,"href":"https:\/\/trinkform.de\/en\/wp-json\/wp\/v2\/media\/3353"}],"wp:attachment":[{"href":"https:\/\/trinkform.de\/en\/wp-json\/wp\/v2\/media?parent=3387"}],"wp:term":[{"taxonomy":"product_brand","embeddable":true,"href":"https:\/\/trinkform.de\/en\/wp-json\/wp\/v2\/product_brand?post=3387"},{"taxonomy":"product_cat","embeddable":true,"href":"https:\/\/trinkform.de\/en\/wp-json\/wp\/v2\/product_cat?post=3387"},{"taxonomy":"product_tag","embeddable":true,"href":"https:\/\/trinkform.de\/en\/wp-json\/wp\/v2\/product_tag?post=3387"}],"curies":[{"name":"wp","href":"https:\/\/api.w.org\/{rel}","templated":true}]}}