{"id":3447,"date":"2023-12-21T12:00:14","date_gmt":"2023-12-21T11:00:14","guid":{"rendered":"https:\/\/trinkform-koeln.de\/?post_type=product&#038;p=3447"},"modified":"2025-12-22T16:50:52","modified_gmt":"2025-12-22T15:50:52","slug":"trinkform-light-konzentrat-kirsch","status":"publish","type":"product","link":"https:\/\/trinkform.de\/en\/shop\/getraenke\/trinkform-light-konzentrat-kirsch\/","title":{"rendered":"trinkForm\u00ae light Konzentrat KIRSCH"},"content":{"rendered":"<p><strong>Zutaten des Fertiggetr\u00e4nkes:<\/strong><br \/>\nWasser, Zucker, S\u00e4uerungsmittel Citronens\u00e4ure, Natursole, Aroma, S\u00fc\u00dfungsmittel (Cyclamat, Saccharin), Konservierungsstoff Natriumbenzoat, Farbstoffe (Allurarot, Patentblau V).<\/p>\n<p>&nbsp;<\/p>\n<p><strong>N\u00e4hrwertangaben<\/strong>\u00a0(je 100 ml Fertiggetr\u00e4nk*)<\/p>\n<table>\n<tbody>\n<tr>\n<td>Energie \/ N\u00e4hrstoffe<\/td>\n<td>Gehalt<\/td>\n<\/tr>\n<tr>\n<td>Brennwert<\/td>\n<td>9 kj (2 kcal)<\/td>\n<\/tr>\n<tr>\n<td>Fett<\/p>\n<p>davon ges\u00e4ttigte Fetts\u00e4uren<\/td>\n<td>unter 0,5 g<\/p>\n<p>unter 0,1 g<\/td>\n<\/tr>\n<tr>\n<td>Kohlenhydrate<\/p>\n<p>davon Zucker<\/td>\n<td>unter 0,5 g<\/p>\n<p>unter 0,5 g<\/td>\n<\/tr>\n<tr>\n<td>Eiweiss<\/td>\n<td>unter 0,5 g<\/td>\n<\/tr>\n<tr>\n<td>Salz<\/td>\n<td>0.039 g (davon ca. 0,01 g ausdem verwendeten Wasser)<\/td>\n<\/tr>\n<\/tbody>\n<\/table>\n<p>* Ausmischung gem. Richtdosage<br \/>\n** Anteil der empfohlenen Tagesdosis: 7,5 %<\/p>\n","protected":false},"excerpt":{"rendered":"<h2>Konzentrat mit Kirsch-Geschmack<\/h2>\n<h3>zum Anmischen eines Getr\u00e4nks \u00fcber trinkForm\u00ae Getr\u00e4nkeautomaten<\/h3>\n","protected":false},"featured_media":3399,"template":"","meta":[],"product_brand":[],"product_cat":[89,41,93],"product_tag":[118],"class_list":{"0":"post-3447","1":"product","2":"type-product","3":"status-publish","4":"has-post-thumbnail","6":"product_cat-getraenke","7":"product_cat-konzentrate","8":"product_cat-trinkform-light","9":"product_tag-10-liter-bag-in-box","11":"first","12":"instock","13":"taxable","14":"shipping-taxable","15":"purchasable","16":"product-type-simple"},"_links":{"self":[{"href":"https:\/\/trinkform.de\/en\/wp-json\/wp\/v2\/product\/3447","targetHints":{"allow":["GET"]}}],"collection":[{"href":"https:\/\/trinkform.de\/en\/wp-json\/wp\/v2\/product"}],"about":[{"href":"https:\/\/trinkform.de\/en\/wp-json\/wp\/v2\/types\/product"}],"version-history":[{"count":1,"href":"https:\/\/trinkform.de\/en\/wp-json\/wp\/v2\/product\/3447\/revisions"}],"predecessor-version":[{"id":5606,"href":"https:\/\/trinkform.de\/en\/wp-json\/wp\/v2\/product\/3447\/revisions\/5606"}],"wp:featuredmedia":[{"embeddable":true,"href":"https:\/\/trinkform.de\/en\/wp-json\/wp\/v2\/media\/3399"}],"wp:attachment":[{"href":"https:\/\/trinkform.de\/en\/wp-json\/wp\/v2\/media?parent=3447"}],"wp:term":[{"taxonomy":"product_brand","embeddable":true,"href":"https:\/\/trinkform.de\/en\/wp-json\/wp\/v2\/product_brand?post=3447"},{"taxonomy":"product_cat","embeddable":true,"href":"https:\/\/trinkform.de\/en\/wp-json\/wp\/v2\/product_cat?post=3447"},{"taxonomy":"product_tag","embeddable":true,"href":"https:\/\/trinkform.de\/en\/wp-json\/wp\/v2\/product_tag?post=3447"}],"curies":[{"name":"wp","href":"https:\/\/api.w.org\/{rel}","templated":true}]}}