{"id":3479,"date":"2023-12-21T12:44:56","date_gmt":"2023-12-21T11:44:56","guid":{"rendered":"https:\/\/trinkform-koeln.de\/?post_type=product&#038;p=3479"},"modified":"2024-02-15T09:32:55","modified_gmt":"2024-02-15T08:32:55","slug":"becherspender-grau","status":"publish","type":"product","link":"https:\/\/trinkform.de\/en\/shop\/zubehoer\/becherspender-grau\/","title":{"rendered":"Becherspender grau"},"content":{"rendered":"<h3>Becherspender f\u00fcr 100 Becher mit oberem \u00d8 7,03 cm<\/h3>\n<p><strong>&gt;<\/strong>\u00a0Ma\u00dfe: 67 x 13 x 15,5 cm<br \/>\n<strong>&gt;<\/strong>\u00a0Material: PS<br \/>\n<strong>&gt;<\/strong>\u00a0f\u00fcr 100 St\u00fcck Trinkbecher 200 ml mit oberem \u00d8 von 7,03 cm<br \/>\n<strong>&gt;<\/strong>\u00a0mit praktischem Entnahmemechanismus<\/p>\n","protected":false},"excerpt":{"rendered":"<h2>als Erg\u00e4nzung f\u00fcr trinkForm\u00ae Getr\u00e4nkeautomaten.<\/h2>\n","protected":false},"featured_media":3483,"template":"","meta":[],"product_brand":[],"product_cat":[46],"product_tag":[],"class_list":{"0":"post-3479","1":"product","2":"type-product","3":"status-publish","4":"has-post-thumbnail","6":"product_cat-zubehoer","8":"first","9":"instock","10":"taxable","11":"shipping-taxable","12":"purchasable","13":"product-type-simple"},"_links":{"self":[{"href":"https:\/\/trinkform.de\/en\/wp-json\/wp\/v2\/product\/3479","targetHints":{"allow":["GET"]}}],"collection":[{"href":"https:\/\/trinkform.de\/en\/wp-json\/wp\/v2\/product"}],"about":[{"href":"https:\/\/trinkform.de\/en\/wp-json\/wp\/v2\/types\/product"}],"version-history":[{"count":0,"href":"https:\/\/trinkform.de\/en\/wp-json\/wp\/v2\/product\/3479\/revisions"}],"wp:featuredmedia":[{"embeddable":true,"href":"https:\/\/trinkform.de\/en\/wp-json\/wp\/v2\/media\/3483"}],"wp:attachment":[{"href":"https:\/\/trinkform.de\/en\/wp-json\/wp\/v2\/media?parent=3479"}],"wp:term":[{"taxonomy":"product_brand","embeddable":true,"href":"https:\/\/trinkform.de\/en\/wp-json\/wp\/v2\/product_brand?post=3479"},{"taxonomy":"product_cat","embeddable":true,"href":"https:\/\/trinkform.de\/en\/wp-json\/wp\/v2\/product_cat?post=3479"},{"taxonomy":"product_tag","embeddable":true,"href":"https:\/\/trinkform.de\/en\/wp-json\/wp\/v2\/product_tag?post=3479"}],"curies":[{"name":"wp","href":"https:\/\/api.w.org\/{rel}","templated":true}]}}