{"id":4362,"date":"2024-01-24T15:21:01","date_gmt":"2024-01-24T14:21:01","guid":{"rendered":"https:\/\/trinkform-koeln.de\/?post_type=product&#038;p=4362"},"modified":"2024-03-12T13:10:52","modified_gmt":"2024-03-12T12:10:52","slug":"modell-ct-4-co2-getraenkeautomat","status":"publish","type":"product","link":"https:\/\/trinkform.de\/en\/shop\/getraenkeautomaten\/modell-ct-4-co2-getraenkeautomat\/","title":{"rendered":"Modell CT L 4 CO2 Getr\u00e4nkeautomat"},"content":{"rendered":"<p><strong>Formsch\u00f6n, elegant und flexibel!<\/strong><br \/>\nKein\u00a0Platz\u00a0mehr\u00a0auf\u00a0der\u00a0Theke?<\/p>\n<p>Problem gel\u00f6st mit unserem\u00a0<strong>Modell CT<\/strong>\u00a0&#8211; der\u00a0<strong>C<\/strong>ounter\u00a0<strong>T<\/strong>op &#8211; Dispenser f\u00fcr 4 Getr\u00e4nke plus gek\u00fchltem Wasser und CO2! Ausgabeh\u00f6he bei der Montage variabel bis 310 mm einstellbar &#8211; ideal f\u00fcr Karaffen, Sportflaschen, Gl\u00e4ser und Becher. Innovatives zeitloses Design, h\u00f6chste Material- und Verarbeitungsqualit\u00e4t sowie einfache und logische Bedienung garantieren eine hohe Akzeptanz bei den Nutzern. Flexible Montage &#8211; ausschlie\u00dflich ein Loch mit Durchmesser 40 mm ist notwendig. Die gesamte Technik inkl. Getr\u00e4nkekartons wird im Unterschrank oder der vorhandenen Theke platziert. Dies gew\u00e4hrleistet eine einfache Nachf\u00fcllung.<\/p>\n<p><strong>Diese Modell bieten wir auch zur Miete an!<\/strong><\/p>\n<p>&nbsp;<\/p>\n<table>\n<tbody>\n<tr>\n<td><strong>Technische Daten<\/strong><\/td>\n<td><\/td>\n<\/tr>\n<tr>\n<td>Ausstattung<\/td>\n<td>integrierte K\u00fchlung, MidMix-Technik,\u00a0Flutsicherheitssystem (FSS), Front-Display (beleuchtet),\u00a0LED-beleuchteter Ausgabebereich, ESI Produktschilder,\u00a0Sirupeinspritzventil (SIV)<\/td>\n<\/tr>\n<tr>\n<td>Gewicht<\/td>\n<td>ca. 50 kg<\/td>\n<\/tr>\n<tr>\n<td>Anschl\u00fcsse<\/td>\n<td>Strom: 230 V \/ 50 &#8211; 60 Hz\u00a0Trinkwasser: 3\/4&#8243; Wasserleitung mit\u00a0R\u00fcckflussverhinderer (gem. DIN EN 1717)<\/td>\n<\/tr>\n<tr>\n<td>Ma\u00dfe (B x H x T)<\/td>\n<td>210 x 360 x 250 mm<\/td>\n<\/tr>\n<tr>\n<td>Ausgabeh\u00f6he<\/td>\n<td>140\u00a0oder 310 mm\u00a0(je\u00a0nach\u00a0H\u00f6he\u00a0der Tropfschale)<\/td>\n<\/tr>\n<tr>\n<td>K\u00fchlungskapazit\u00e4t<\/td>\n<td>28 l\/h<\/td>\n<\/tr>\n<tr>\n<td>Verbrauch<br \/>\n(Leistungsaufnahme max.)<\/td>\n<td>250 W (Co2 320 W)<\/td>\n<\/tr>\n<tr>\n<td>Optional gegen Aufpreis erh\u00e4ltlich<\/td>\n<td>\u00a0Unterschrank, potentielles RFID-Freischaltekabel, Gallone mit Pumpe, Ablauf in Kanister<\/td>\n<\/tr>\n<\/tbody>\n<\/table>\n<p>&nbsp;<\/p>\n","protected":false},"excerpt":{"rendered":"<h2>Getr\u00e4nkeautomat<\/h2>\n<h3>zum Anmischen von trinkForm\u00ae Getr\u00e4nken auf Konzentratbasis<\/h3>\n","protected":false},"featured_media":4364,"template":"","meta":[],"product_brand":[],"product_cat":[43,81],"product_tag":[],"class_list":{"0":"post-4362","1":"product","2":"type-product","3":"status-publish","4":"has-post-thumbnail","6":"product_cat-getraenkeautomaten","7":"product_cat-einbau","8":"product_shipping_class-kostenlose-lieferung","10":"first","11":"instock","12":"taxable","13":"shipping-taxable","14":"purchasable","15":"product-type-simple"},"_links":{"self":[{"href":"https:\/\/trinkform.de\/en\/wp-json\/wp\/v2\/product\/4362","targetHints":{"allow":["GET"]}}],"collection":[{"href":"https:\/\/trinkform.de\/en\/wp-json\/wp\/v2\/product"}],"about":[{"href":"https:\/\/trinkform.de\/en\/wp-json\/wp\/v2\/types\/product"}],"version-history":[{"count":2,"href":"https:\/\/trinkform.de\/en\/wp-json\/wp\/v2\/product\/4362\/revisions"}],"predecessor-version":[{"id":5505,"href":"https:\/\/trinkform.de\/en\/wp-json\/wp\/v2\/product\/4362\/revisions\/5505"}],"wp:featuredmedia":[{"embeddable":true,"href":"https:\/\/trinkform.de\/en\/wp-json\/wp\/v2\/media\/4364"}],"wp:attachment":[{"href":"https:\/\/trinkform.de\/en\/wp-json\/wp\/v2\/media?parent=4362"}],"wp:term":[{"taxonomy":"product_brand","embeddable":true,"href":"https:\/\/trinkform.de\/en\/wp-json\/wp\/v2\/product_brand?post=4362"},{"taxonomy":"product_cat","embeddable":true,"href":"https:\/\/trinkform.de\/en\/wp-json\/wp\/v2\/product_cat?post=4362"},{"taxonomy":"product_tag","embeddable":true,"href":"https:\/\/trinkform.de\/en\/wp-json\/wp\/v2\/product_tag?post=4362"}],"curies":[{"name":"wp","href":"https:\/\/api.w.org\/{rel}","templated":true}]}}