{"id":4369,"date":"2024-01-24T15:30:00","date_gmt":"2024-01-24T14:30:00","guid":{"rendered":"https:\/\/trinkform-koeln.de\/?post_type=product&#038;p=4369"},"modified":"2024-02-15T09:41:23","modified_gmt":"2024-02-15T08:41:23","slug":"modell-ct-4-l-co2-split-getraenkeautomat","status":"publish","type":"product","link":"https:\/\/trinkform.de\/en\/shop\/getraenkeautomaten\/modell-ct-4-l-co2-split-getraenkeautomat\/","title":{"rendered":"Modell CT 4 L CO2 SPLIT Getr\u00e4nkeautomat"},"content":{"rendered":"<p><strong>Formsch\u00f6n, elegant und flexibel!<\/strong><br \/>\nKein\u00a0Platz\u00a0mehr\u00a0auf\u00a0der\u00a0Theke?<\/p>\n<p>Problem gel\u00f6st mit unserem\u00a0<strong>Modell CT<\/strong>\u00a0&#8211; der\u00a0<strong>C<\/strong>ounter\u00a0<strong>T<\/strong>op &#8211; Dispenser f\u00fcr 4 Getr\u00e4nke plus gek\u00fchltem Wasser und optional CO2-Wasser mit Getr\u00e4nke-Aufspritzfunktion! Ausgabeh\u00f6he bei der Montage variabel bis 310 mm einstellbar &#8211; ideal f\u00fcr Karaffen, Sportflaschen, Gl\u00e4ser und Becher. Innovatives zeitloses Design, h\u00f6chste Material- und Verarbeitungsqualit\u00e4t sowie einfache und logische Bedienung garantieren eine hohe Akzeptanz bei den Nutzern. Flexible Montage &#8211; ausschlie\u00dflich ein Loch mit Durchmesser 40 mm ist notwenidig. Die gesamte Technik inkl. Getr\u00e4nkekartons wird im Unterschrank oder der vorhandenen Theke platziert. Dies gew\u00e4hrleistet eine einfache Nachf\u00fcllung.<\/p>\n<p>&nbsp;<\/p>\n<table>\n<tbody>\n<tr>\n<td><strong>Technische Daten<\/strong><\/td>\n<td><\/td>\n<\/tr>\n<tr>\n<td>Ausstattung<\/td>\n<td>integrierte K\u00fchlung, MidMix-Technik, Flutsicherheitssystem (FSS), Front-Display (beleuchtet), LED-beleuchteter Ausgabebereich, ESI Produktschilder, Sirupeinspritzventil (SIV)<\/td>\n<\/tr>\n<tr>\n<td>Gewicht<\/td>\n<td>ca. 50 kg<\/td>\n<\/tr>\n<tr>\n<td>Anschl\u00fcsse<\/td>\n<td>Strom: 230 V \/ 50 &#8211; 60 Hz Trinkwasser: 3\/4&#8243; Wasserleitung mit R\u00fcckflussverhinderer (gem. DIN EN 1717)<\/td>\n<\/tr>\n<tr>\n<td>Ma\u00dfe (B x H x T)<\/td>\n<td>210 x 360 x 250 mm<\/td>\n<\/tr>\n<tr>\n<td>Ausgabeh\u00f6he<\/td>\n<td>140\u00a0oder 310 mm\u00a0(je\u00a0nach\u00a0H\u00f6he\u00a0der Tropfschale)<\/td>\n<\/tr>\n<tr>\n<td>K\u00fchlungskapazit\u00e4t<\/td>\n<td>28 l\/h<\/td>\n<\/tr>\n<tr>\n<td>Verbrauch<br \/>\n(Leistungsaufnahme max.)<\/td>\n<td>250 W (Co2 320 W)<\/td>\n<\/tr>\n<tr>\n<td>Optional erh\u00e4ltlich<\/td>\n<td>div. Zahlungssysteme, Wassertankpumpsystem<\/td>\n<\/tr>\n<tr>\n<td>Modelle<\/td>\n<td>CT 4 L, CT 4 L CO2, CT 4 L SPLIT<\/td>\n<\/tr>\n<\/tbody>\n<\/table>\n<p>&nbsp;<\/p>\n","protected":false},"excerpt":{"rendered":"<h2>Getr\u00e4nkeautomat<\/h2>\n<h3>zum Anmischen von trinkForm\u00ae Getr\u00e4nken auf Konzentratbasis<\/h3>\n","protected":false},"featured_media":4371,"template":"","meta":[],"product_brand":[],"product_cat":[43,81],"product_tag":[],"class_list":{"0":"post-4369","1":"product","2":"type-product","3":"status-publish","4":"has-post-thumbnail","6":"product_cat-getraenkeautomaten","7":"product_cat-einbau","8":"product_shipping_class-kostenlose-lieferung","10":"first","11":"instock","12":"taxable","13":"shipping-taxable","14":"purchasable","15":"product-type-simple"},"_links":{"self":[{"href":"https:\/\/trinkform.de\/en\/wp-json\/wp\/v2\/product\/4369","targetHints":{"allow":["GET"]}}],"collection":[{"href":"https:\/\/trinkform.de\/en\/wp-json\/wp\/v2\/product"}],"about":[{"href":"https:\/\/trinkform.de\/en\/wp-json\/wp\/v2\/types\/product"}],"version-history":[{"count":0,"href":"https:\/\/trinkform.de\/en\/wp-json\/wp\/v2\/product\/4369\/revisions"}],"wp:featuredmedia":[{"embeddable":true,"href":"https:\/\/trinkform.de\/en\/wp-json\/wp\/v2\/media\/4371"}],"wp:attachment":[{"href":"https:\/\/trinkform.de\/en\/wp-json\/wp\/v2\/media?parent=4369"}],"wp:term":[{"taxonomy":"product_brand","embeddable":true,"href":"https:\/\/trinkform.de\/en\/wp-json\/wp\/v2\/product_brand?post=4369"},{"taxonomy":"product_cat","embeddable":true,"href":"https:\/\/trinkform.de\/en\/wp-json\/wp\/v2\/product_cat?post=4369"},{"taxonomy":"product_tag","embeddable":true,"href":"https:\/\/trinkform.de\/en\/wp-json\/wp\/v2\/product_tag?post=4369"}],"curies":[{"name":"wp","href":"https:\/\/api.w.org\/{rel}","templated":true}]}}