{"id":4375,"date":"2024-01-24T15:40:59","date_gmt":"2024-01-24T14:40:59","guid":{"rendered":"https:\/\/trinkform-koeln.de\/?post_type=product&#038;p=4375"},"modified":"2024-04-09T13:34:26","modified_gmt":"2024-04-09T11:34:26","slug":"modell-id-2-still-eco-getraenkeautomat","status":"publish","type":"product","link":"https:\/\/trinkform.de\/en\/shop\/getraenkeautomaten\/modell-id-2-still-eco-getraenkeautomat\/","title":{"rendered":"Modell ID 2 STILL ECO Getr\u00e4nkeautomat"},"content":{"rendered":"<p><strong>Minimaler Platz &#8211; maximale Leistung<\/strong><\/p>\n<p>Der Getr\u00e4nkeautomat <strong>ID 2<\/strong> bietet noch mehr Flexibilit\u00e4t. Der Getr\u00e4nkeautomat gibt zus\u00e4tzlich zu <strong>zwei Geschmacksrichtungen <\/strong>stilles Wasser aus. Mit nur einem Tastendruck l\u00e4sst sich das Getr\u00e4nk bequem entnehmen. Durch die h\u00f6henverstellbare Ausgabe eignet sich der ID 2 ideal um Gl\u00e4ser, Flaschen oder Karaffen aller Gr\u00f6\u00dfen abzuf\u00fcllen. Die gesamte Technik inkl. unserer <strong>3 Liter trinkForm<sup>\u00ae<\/sup> plus Konzentrate<\/strong> werden im Getr\u00e4nkeautomaten platziert. <strong>10 Liter trinkForm<sup>\u00ae<\/sup> Bag-in-Box Konzentraten<\/strong> lassen sich bequem in einem Unterschrank oder einer vorhandenen Theke lagern.<\/p>\n<p>Das Erstinstallationsset (Filtersystem + Anschlussmaterial) ist bereits inklusive.<\/p>\n<p><strong>Diese Modell bieten wir auch zur Miete an!<\/strong><\/p>\n<p>&nbsp;<\/p>\n<table>\n<tbody>\n<tr>\n<td><strong>Technische Daten<\/strong><\/td>\n<td><\/td>\n<\/tr>\n<tr>\n<td>Ausstattung<\/td>\n<td>integrierte K\u00fchlung, MidMix-Technik, Flutsicherheitssystem (FSS), Front-Display (beleuchtet), LED-beleuchteter Ausgabebereich, ESI Produktschilder, Sirupeinspritzventil (SIV), inkl. Erstinstallationsset (Filtersystem + Anschlussmaterial)<\/td>\n<\/tr>\n<tr>\n<td>Gewicht<\/td>\n<td>ca. 30 kg<\/td>\n<\/tr>\n<tr>\n<td>Anschl\u00fcsse<\/td>\n<td>Strom: 230 V \/ 50 &#8211; 60 Hz Trinkwasser: 3\/4&#8243; Wasserleitung mit R\u00fcckflussverhinderer (gem. DIN EN 1717)<\/td>\n<\/tr>\n<tr>\n<td>Ma\u00dfe (B x H x T)<\/td>\n<td>260 x 590 x 470 mm<\/td>\n<\/tr>\n<tr>\n<td>Ausgabeh\u00f6he<\/td>\n<td>160 &#8211; 240 mm<\/td>\n<\/tr>\n<tr>\n<td><\/td>\n<td><\/td>\n<\/tr>\n<tr>\n<td>Verbrauch<br \/>\n(Leistungsaufnahme max.)<\/td>\n<td>250 W<\/td>\n<\/tr>\n<tr>\n<td>Optional erh\u00e4ltlich<\/td>\n<td>Unterschrank SLIM, Ablauf (Standard: Tropfschale)<\/td>\n<\/tr>\n<\/tbody>\n<\/table>\n<p>&nbsp;<\/p>\n","protected":false},"excerpt":{"rendered":"<h2>Getr\u00e4nkeautomat<\/h2>\n<h3>zum Anmischen von trinkForm\u00ae Getr\u00e4nken auf Konzentratbasis<\/h3>\n","protected":false},"featured_media":5621,"template":"","meta":[],"product_brand":[],"product_cat":[43,82],"product_tag":[],"class_list":{"0":"post-4375","1":"product","2":"type-product","3":"status-publish","4":"has-post-thumbnail","6":"product_cat-getraenkeautomaten","7":"product_cat-standgeraete","8":"product_shipping_class-kostenlose-lieferung","10":"first","11":"instock","12":"taxable","13":"shipping-taxable","14":"purchasable","15":"product-type-simple"},"_links":{"self":[{"href":"https:\/\/trinkform.de\/en\/wp-json\/wp\/v2\/product\/4375","targetHints":{"allow":["GET"]}}],"collection":[{"href":"https:\/\/trinkform.de\/en\/wp-json\/wp\/v2\/product"}],"about":[{"href":"https:\/\/trinkform.de\/en\/wp-json\/wp\/v2\/types\/product"}],"version-history":[{"count":4,"href":"https:\/\/trinkform.de\/en\/wp-json\/wp\/v2\/product\/4375\/revisions"}],"predecessor-version":[{"id":5625,"href":"https:\/\/trinkform.de\/en\/wp-json\/wp\/v2\/product\/4375\/revisions\/5625"}],"wp:featuredmedia":[{"embeddable":true,"href":"https:\/\/trinkform.de\/en\/wp-json\/wp\/v2\/media\/5621"}],"wp:attachment":[{"href":"https:\/\/trinkform.de\/en\/wp-json\/wp\/v2\/media?parent=4375"}],"wp:term":[{"taxonomy":"product_brand","embeddable":true,"href":"https:\/\/trinkform.de\/en\/wp-json\/wp\/v2\/product_brand?post=4375"},{"taxonomy":"product_cat","embeddable":true,"href":"https:\/\/trinkform.de\/en\/wp-json\/wp\/v2\/product_cat?post=4375"},{"taxonomy":"product_tag","embeddable":true,"href":"https:\/\/trinkform.de\/en\/wp-json\/wp\/v2\/product_tag?post=4375"}],"curies":[{"name":"wp","href":"https:\/\/api.w.org\/{rel}","templated":true}]}}