{"id":4388,"date":"2024-01-24T16:10:32","date_gmt":"2024-01-24T15:10:32","guid":{"rendered":"https:\/\/trinkform-koeln.de\/?post_type=product&#038;p=4388"},"modified":"2024-03-12T17:25:23","modified_gmt":"2024-03-12T16:25:23","slug":"modell-slim-se-getraenkeautomat","status":"publish","type":"product","link":"https:\/\/trinkform.de\/en\/shop\/getraenkeautomaten\/modell-slim-se-getraenkeautomat\/","title":{"rendered":"Modell SLIM SE Getr\u00e4nkeautomat"},"content":{"rendered":"<p><strong>Minimaler Platz &#8211; maximale Leistung<\/strong><br \/>\nEin Traum in wei\u00df: Der kleine Spezialist f\u00fcr die Abgabe von 2 gek\u00fchlten Getr\u00e4nken und Wasser!<\/p>\n<p>Einfach und zuverl\u00e4ssig, schnelle Dosierungseinstellung per Drehregler, programmierbar auf PULS und FIXMENGE, Becher- und Kannenabgabe ist einstellbar. Automatische Reinigung! Ausgabe mit LED-Beleuchtung und robuste, sch\u00f6ne Edelstahltaster f\u00fcr \u00fcbersichtliche und klare Auswahl.<\/p>\n<p><strong>Diese Modell bieten wir Ihnen auch gerne zur Miete an!<\/strong><\/p>\n<p>&nbsp;<\/p>\n<table>\n<tbody>\n<tr>\n<td><strong>Technische Daten<\/strong><\/td>\n<td><\/td>\n<\/tr>\n<tr>\n<td>Ausstattung<\/td>\n<td>integrierte K\u00fchlung, MidMix-Technik,\u00a0Flutsicherheitssystem (FSS), Front-Display (beleuchtet),\u00a0LED-beleuchteter Ausgabebereich, ESI Produktschilder,\u00a0Sirupeinspritzventil (SIV)<\/td>\n<\/tr>\n<tr>\n<td>Gewicht<\/td>\n<td>ca. 29 kg<\/td>\n<\/tr>\n<tr>\n<td>Anschl\u00fcsse<\/td>\n<td>Strom: 230 V \/ 50 &#8211; 60 Hz\u00a0Trinkwasser: 3\/4&#8243; Wasserleitung mit\u00a0R\u00fcckflussverhinderer (gem. DIN EN 1717)<\/td>\n<\/tr>\n<tr>\n<td>Ma\u00dfe (B x H x T)<\/td>\n<td>320 x 360 x 465 mm\u00a0inkl.\u00a0Stellf\u00fc\u00dfe<\/td>\n<\/tr>\n<tr>\n<td>Ausgabeh\u00f6he<\/td>\n<td>150 mm<\/td>\n<\/tr>\n<tr>\n<td>K\u00fchlungskapazit\u00e4t<\/td>\n<td>28 l\/h<\/td>\n<\/tr>\n<tr>\n<td>Verbrauch<br \/>\n(Leistungsaufnahme max.)<\/td>\n<td>250 W<\/td>\n<\/tr>\n<tr>\n<td>Optional erh\u00e4ltlich<\/td>\n<td>Unterschrank<\/td>\n<\/tr>\n<\/tbody>\n<\/table>\n<p>&nbsp;<\/p>\n","protected":false},"excerpt":{"rendered":"<h2>Getr\u00e4nkeautomat<\/h2>\n<h3>zum Anmischen von trinkForm\u00ae Getr\u00e4nken auf Konzentratbasis<\/h3>\n","protected":false},"featured_media":4417,"template":"","meta":[],"product_brand":[],"product_cat":[43,82],"product_tag":[],"class_list":{"0":"post-4388","1":"product","2":"type-product","3":"status-publish","4":"has-post-thumbnail","6":"product_cat-getraenkeautomaten","7":"product_cat-standgeraete","8":"product_shipping_class-kostenlose-lieferung","10":"first","11":"instock","12":"taxable","13":"shipping-taxable","14":"purchasable","15":"product-type-simple"},"_links":{"self":[{"href":"https:\/\/trinkform.de\/en\/wp-json\/wp\/v2\/product\/4388","targetHints":{"allow":["GET"]}}],"collection":[{"href":"https:\/\/trinkform.de\/en\/wp-json\/wp\/v2\/product"}],"about":[{"href":"https:\/\/trinkform.de\/en\/wp-json\/wp\/v2\/types\/product"}],"version-history":[{"count":2,"href":"https:\/\/trinkform.de\/en\/wp-json\/wp\/v2\/product\/4388\/revisions"}],"predecessor-version":[{"id":5522,"href":"https:\/\/trinkform.de\/en\/wp-json\/wp\/v2\/product\/4388\/revisions\/5522"}],"wp:featuredmedia":[{"embeddable":true,"href":"https:\/\/trinkform.de\/en\/wp-json\/wp\/v2\/media\/4417"}],"wp:attachment":[{"href":"https:\/\/trinkform.de\/en\/wp-json\/wp\/v2\/media?parent=4388"}],"wp:term":[{"taxonomy":"product_brand","embeddable":true,"href":"https:\/\/trinkform.de\/en\/wp-json\/wp\/v2\/product_brand?post=4388"},{"taxonomy":"product_cat","embeddable":true,"href":"https:\/\/trinkform.de\/en\/wp-json\/wp\/v2\/product_cat?post=4388"},{"taxonomy":"product_tag","embeddable":true,"href":"https:\/\/trinkform.de\/en\/wp-json\/wp\/v2\/product_tag?post=4388"}],"curies":[{"name":"wp","href":"https:\/\/api.w.org\/{rel}","templated":true}]}}