{"id":4964,"date":"2024-02-20T11:03:24","date_gmt":"2024-02-20T10:03:24","guid":{"rendered":"https:\/\/trinkform-koeln.de\/?post_type=product&#038;p=4964"},"modified":"2025-12-22T16:48:55","modified_gmt":"2025-12-22T15:48:55","slug":"trinkform-konzentrat-immun-mango","status":"publish","type":"product","link":"https:\/\/trinkform.de\/en\/shop\/getraenke\/trinkform-konzentrat-immun-mango\/","title":{"rendered":"trinkForm\u00ae Konzentrat IMMUN MANGO"},"content":{"rendered":"<p><strong>Zutaten des Fertiggetr\u00e4nkes:<\/strong><br \/>\nWasser, Zucker, Apfelsaftkonzentrat, S\u00e4uerungsmittel Zitronens\u00e4ure, Natursole (enth\u00e4lt 98 % Natriumchlorid und 2 % sonstige Mineralstoffe wie Magnesium, Kalzium, Kalium), nat\u00fcrliches Aroma, Vitaminmischung (Vitamin C, Nicotins\u00e4ureamid, Vitamin B6, Biotin, Vitamin B12), Gerstenmalz-Extrakt, Konservierungsstoff Natriumbenzoat, S\u00fc\u00dfungsmittel Saccharin.<\/p>\n<p>&nbsp;<\/p>\n<p><strong>N\u00e4hrwertangaben<\/strong>\u00a0(je 100 ml Fertiggetr\u00e4nk*)<\/p>\n<table>\n<tbody>\n<tr>\n<td>Energie \/ N\u00e4hrstoffe<\/td>\n<td>Gehalt<\/td>\n<\/tr>\n<tr>\n<td>Brennwert<\/td>\n<td>40 kj (10 kcal)<\/td>\n<\/tr>\n<tr>\n<td>Fett<\/p>\n<p>davon ges\u00e4ttigte Fetts\u00e4uren<\/td>\n<td>unter 0,5 g<\/p>\n<p>unter 0,1 g<\/td>\n<\/tr>\n<tr>\n<td>Kohlenhydrate<\/p>\n<p>davon Zucker<\/td>\n<td>2,1 g<\/p>\n<p>2,1 g<\/td>\n<\/tr>\n<tr>\n<td>Eiweiss<\/td>\n<td>unter 0,5 g<\/td>\n<\/tr>\n<tr>\n<td>Salz<\/td>\n<td>0,032 g (davon ca. 0,01 g aus\u00a0dem verwendeten Wasser)<\/td>\n<\/tr>\n<tr>\n<td>Vitamin C<\/td>\n<td>6 mg**<\/td>\n<\/tr>\n<tr>\n<td>Nicotins\u00e4ureamid<\/td>\n<td>1,2 mg**<\/td>\n<\/tr>\n<tr>\n<td>Vitamin B6<\/td>\n<td>0,11 mg<\/td>\n<\/tr>\n<tr>\n<td>Biotin<\/td>\n<td>3,8 \u00b5g**<\/td>\n<\/tr>\n<tr>\n<td>Vitamin B12<\/td>\n<td>0,19 \u00b5g**<\/td>\n<\/tr>\n<\/tbody>\n<\/table>\n<p>* Ausmischung gem. Richtdosage<br \/>\n** Anteil der empfohlenen Tagesdosis: 7,5 %<\/p>\n","protected":false},"excerpt":{"rendered":"<h2>Konzentrat mit Mango-Geschmack<\/h2>\n<h3>zum Anmischen eines Getr\u00e4nks \u00fcber trinkForm\u00ae Getr\u00e4nkeautomaten<\/h3>\n","protected":false},"featured_media":4966,"template":"","meta":[],"product_brand":[],"product_cat":[89,41,87],"product_tag":[118],"class_list":{"0":"post-4964","1":"product","2":"type-product","3":"status-publish","4":"has-post-thumbnail","6":"product_cat-getraenke","7":"product_cat-konzentrate","8":"product_cat-trinkform-basic","9":"product_tag-10-liter-bag-in-box","11":"first","12":"instock","13":"taxable","14":"shipping-taxable","15":"purchasable","16":"product-type-simple"},"_links":{"self":[{"href":"https:\/\/trinkform.de\/en\/wp-json\/wp\/v2\/product\/4964","targetHints":{"allow":["GET"]}}],"collection":[{"href":"https:\/\/trinkform.de\/en\/wp-json\/wp\/v2\/product"}],"about":[{"href":"https:\/\/trinkform.de\/en\/wp-json\/wp\/v2\/types\/product"}],"version-history":[{"count":2,"href":"https:\/\/trinkform.de\/en\/wp-json\/wp\/v2\/product\/4964\/revisions"}],"predecessor-version":[{"id":13446,"href":"https:\/\/trinkform.de\/en\/wp-json\/wp\/v2\/product\/4964\/revisions\/13446"}],"wp:featuredmedia":[{"embeddable":true,"href":"https:\/\/trinkform.de\/en\/wp-json\/wp\/v2\/media\/4966"}],"wp:attachment":[{"href":"https:\/\/trinkform.de\/en\/wp-json\/wp\/v2\/media?parent=4964"}],"wp:term":[{"taxonomy":"product_brand","embeddable":true,"href":"https:\/\/trinkform.de\/en\/wp-json\/wp\/v2\/product_brand?post=4964"},{"taxonomy":"product_cat","embeddable":true,"href":"https:\/\/trinkform.de\/en\/wp-json\/wp\/v2\/product_cat?post=4964"},{"taxonomy":"product_tag","embeddable":true,"href":"https:\/\/trinkform.de\/en\/wp-json\/wp\/v2\/product_tag?post=4964"}],"curies":[{"name":"wp","href":"https:\/\/api.w.org\/{rel}","templated":true}]}}