{"id":5627,"date":"2024-03-19T13:36:26","date_gmt":"2024-03-19T12:36:26","guid":{"rendered":"https:\/\/trinkform-koeln.de\/?post_type=product&#038;p=5627"},"modified":"2024-03-19T14:06:54","modified_gmt":"2024-03-19T13:06:54","slug":"modell-id-3-still-eco-getraenkeautomat","status":"publish","type":"product","link":"https:\/\/trinkform.de\/en\/shop\/getraenkeautomaten\/modell-id-3-still-eco-getraenkeautomat\/","title":{"rendered":"Modell ID 3 STILL ECO Getr\u00e4nkeautomat"},"content":{"rendered":"\t\t<div data-elementor-type=\"product-post\" data-elementor-id=\"5627\" class=\"elementor elementor-5627\" data-elementor-post-type=\"product\">\n\t\t\t\t<div class=\"elementor-element elementor-element-5e9e4c84 e-flex e-con-boxed e-con e-parent\" data-id=\"5e9e4c84\" data-element_type=\"container\" data-e-type=\"container\">\n\t\t\t\t\t<div class=\"e-con-inner\">\n\t\t\t\t<div class=\"elementor-element elementor-element-363dd413 elementor-widget elementor-widget-text-editor\" data-id=\"363dd413\" data-element_type=\"widget\" data-e-type=\"widget\" data-widget_type=\"text-editor.default\">\n\t\t\t\t<div class=\"elementor-widget-container\">\n\t\t\t\t\t\t\t\t\t<p><strong>Noch mehr Flexibilit\u00e4t<br \/><\/strong><\/p><p>Der Getr\u00e4nkeautomat <strong>ID 3<\/strong> bietet noch mehr Flexibilit\u00e4t. Der Getr\u00e4nkeautomat gibt zus\u00e4tzlich zu den <strong>drei Geschmacksrichtungen <\/strong>stilles gek\u00fchltes Wasser aus. Durch die h\u00f6henverstellbare Ausgabe eignet sich der ID 3 ideal um Gl\u00e4ser, Flaschen oder Karaffen abzuf\u00fcllen. Die gesamte Technik ist im Getr\u00e4nkeautomaten untergebracht. Unserer <strong>3 Liter trinkForm<sup>\u00ae<\/sup> plus Konzentrate<\/strong> und unsere <strong>10 Liter trinkForm<sup>\u00ae<\/sup> Bag-in-Box Konzentraten<\/strong> lassen sich bequem in einem Unterschrank oder einer vorhandenen Theke lagern. Der Filter wird\u00a0 ebenfalls im Unterschrank oder einer vorhandenen Theke platziert.<\/p><p>Das Erstinstallationsset (Filtersystem + Anschlussmaterial) ist bereits inklusive.<\/p><p><strong>Diese Modell bieten wir auch zur Miete an!<\/strong><\/p><table><tbody><tr><td><strong>Technische Daten<\/strong><\/td><td>\u00a0<\/td><\/tr><tr><td>Ausstattung<\/td><td>integrierte K\u00fchlung, MidMix-Technik, Flutsicherheitssystem (FSS), ESI Produktschilder, Sirupeinspritzventil (SIV), inkl. Erstinstallationsset (Filtersystem + Anschlussmaterial)<\/td><\/tr><tr><td>Gewicht<\/td><td>ca. 34 kg<\/td><\/tr><tr><td>Anschl\u00fcsse<\/td><td>Strom: 230 V \/ 50 &#8211; 60 Hz Trinkwasser: 3\/4&#8243; Wasserleitung mit R\u00fcckflussverhinderer (gem. DIN EN 1717)<\/td><\/tr><tr><td>Ma\u00dfe (B x H x T)<\/td><td>400 x 590 x 470 mm<\/td><\/tr><tr><td>Ausgabeh\u00f6he<\/td><td>160 &#8211; 240 mm<\/td><\/tr><tr><td>\u00a0<\/td><td>\u00a0<\/td><\/tr><tr><td>Verbrauch<br \/>(Leistungsaufnahme max.)<\/td><td>250 W<\/td><\/tr><tr><td>Optional erh\u00e4ltlich<\/td><td><p>Unterschrank S, Ablauf (Standard: Tropfschale).<\/p><p>Auf Anfrage auch <strong><span style=\"text-decoration: underline;\">mit CO<sub>2<\/sub><\/span><\/strong> und als Modell <span style=\"text-decoration: underline;\"><strong>Hot &amp; Cold<\/strong><\/span> mit integriertem Boiler erh\u00e4ltlich!<\/p><\/td><\/tr><\/tbody><\/table>\t\t\t\t\t\t\t\t<\/div>\n\t\t\t\t<\/div>\n\t\t\t\t\t<\/div>\n\t\t\t\t<\/div>\n\t\t\t\t<\/div>\n\t\t","protected":false},"excerpt":{"rendered":"<h2>Getr\u00e4nkeautomat<\/h2>\n<h3>zum Anmischen von trinkForm\u00ae Getr\u00e4nken auf Konzentratbasis<\/h3>\n","protected":false},"featured_media":5629,"template":"","meta":[],"product_brand":[],"product_cat":[43,82],"product_tag":[],"class_list":{"0":"post-5627","1":"product","2":"type-product","3":"status-publish","4":"has-post-thumbnail","6":"product_cat-getraenkeautomaten","7":"product_cat-standgeraete","8":"product_shipping_class-kostenlose-lieferung","10":"first","11":"instock","12":"taxable","13":"shipping-taxable","14":"purchasable","15":"product-type-simple"},"_links":{"self":[{"href":"https:\/\/trinkform.de\/en\/wp-json\/wp\/v2\/product\/5627","targetHints":{"allow":["GET"]}}],"collection":[{"href":"https:\/\/trinkform.de\/en\/wp-json\/wp\/v2\/product"}],"about":[{"href":"https:\/\/trinkform.de\/en\/wp-json\/wp\/v2\/types\/product"}],"version-history":[{"count":7,"href":"https:\/\/trinkform.de\/en\/wp-json\/wp\/v2\/product\/5627\/revisions"}],"predecessor-version":[{"id":5637,"href":"https:\/\/trinkform.de\/en\/wp-json\/wp\/v2\/product\/5627\/revisions\/5637"}],"wp:featuredmedia":[{"embeddable":true,"href":"https:\/\/trinkform.de\/en\/wp-json\/wp\/v2\/media\/5629"}],"wp:attachment":[{"href":"https:\/\/trinkform.de\/en\/wp-json\/wp\/v2\/media?parent=5627"}],"wp:term":[{"taxonomy":"product_brand","embeddable":true,"href":"https:\/\/trinkform.de\/en\/wp-json\/wp\/v2\/product_brand?post=5627"},{"taxonomy":"product_cat","embeddable":true,"href":"https:\/\/trinkform.de\/en\/wp-json\/wp\/v2\/product_cat?post=5627"},{"taxonomy":"product_tag","embeddable":true,"href":"https:\/\/trinkform.de\/en\/wp-json\/wp\/v2\/product_tag?post=5627"}],"curies":[{"name":"wp","href":"https:\/\/api.w.org\/{rel}","templated":true}]}}