{"id":5771,"date":"2024-03-20T17:22:35","date_gmt":"2024-03-20T16:22:35","guid":{"rendered":"https:\/\/trinkform-koeln.de\/?post_type=product&#038;p=5771"},"modified":"2024-04-09T13:27:54","modified_gmt":"2024-04-09T11:27:54","slug":"modell-id-mobil-4-touch-still-getraenkeautomat","status":"publish","type":"product","link":"https:\/\/trinkform.de\/en\/shop\/getraenkeautomaten\/modell-id-mobil-4-touch-still-getraenkeautomat\/","title":{"rendered":"Modell ID MOBIL XTRA 4 TOUCH STILL Getr\u00e4nkeautomat"},"content":{"rendered":"\t\t<div data-elementor-type=\"product-post\" data-elementor-id=\"5771\" class=\"elementor elementor-5771\" data-elementor-post-type=\"product\">\n\t\t\t\t<div class=\"elementor-element elementor-element-5e9e4c84 e-flex e-con-boxed e-con e-parent\" data-id=\"5e9e4c84\" data-element_type=\"container\" data-e-type=\"container\">\n\t\t\t\t\t<div class=\"e-con-inner\">\n\t\t\t\t<div class=\"elementor-element elementor-element-363dd413 elementor-widget elementor-widget-text-editor\" data-id=\"363dd413\" data-element_type=\"widget\" data-e-type=\"widget\" data-widget_type=\"text-editor.default\">\n\t\t\t\t<div class=\"elementor-widget-container\">\n\t\t\t\t\t\t\t\t\t<p>Der <strong>ID MOBIL XTRA 4<\/strong> <strong>TOUCH STILL <\/strong>ist die neue elegante L\u00f6sung, die Sie unabh\u00e4ngig macht. Mit eigener Wasserversorgung, viel Platz im Unterschrank und in den Seitenteilen haben Sie alles was Sie ben\u00f6tigen um Getr\u00e4nke ausgeben zu k\u00f6nnen, egal wo! \u00c4u\u00dferst mobil durch stabile, feststell- und lenkbare, verdeckte R\u00e4der. Das extrem kratzfeste Front-Dekor aus Kunstharzverbund ist aus sechs Designs ausw\u00e4hlbar auch ein kundenspezifisches Design ist auf Anfrage m\u00f6glich.<\/p><p>Inbegriffen sind bereits der Unterschrank sowie die seitlichen Regale rechts f\u00fcr Gl\u00e4ser oder andere Unterlagen.<\/p><p>Das Erstinstallationsset (Filtersystem + Anschlussmaterial) ist bereits inklusive.<\/p><p><strong>Diese Modell bieten wir auch zur Miete an!<\/strong><\/p><table><tbody><tr><td><strong>Technische Daten<\/strong><\/td><td>\u00a0<\/td><\/tr><tr><td>Ausstattung<\/td><td>integrierte K\u00fchlung, MidMix-Technik, Flutsicherheitssystem (FSS), Sirupeinspritzventil (SIV), inkl. Erstinstallationsset (Filtersystem + Anschlussmaterial)<\/td><\/tr><tr><td>Gewicht<\/td><td>ca. 160 kg<\/td><\/tr><tr><td>Anschl\u00fcsse<\/td><td>Strom: 230 V \/ 50 &#8211; 60 Hz Trinkwasser: 3\/4&#8243; Wasserleitung mit R\u00fcckflussverhinderer (gem. DIN EN 1717)<\/td><\/tr><tr><td>Ma\u00dfe (B x H x T)<\/td><td>1.400 x 800 x 600 mm<\/td><\/tr><tr><td>Ausgabeh\u00f6he<\/td><td>150 &#8211; 290 mm<\/td><\/tr><tr><td>Verbrauch<br \/>(Leistungsaufnahme max.)<\/td><td>250 W<\/td><\/tr><tr><td>Optional erh\u00e4ltlich<\/td><td><p>Wassertank-Pumpsystem (Gallone), Zahlungssystem<\/p><p>Auf Anfrage auch <strong><span style=\"text-decoration: underline;\">mit CO<sub>2<\/sub><\/span><\/strong> !<\/p><\/td><\/tr><\/tbody><\/table>\t\t\t\t\t\t\t\t<\/div>\n\t\t\t\t<\/div>\n\t\t\t\t\t<\/div>\n\t\t\t\t<\/div>\n\t\t<div class=\"elementor-element elementor-element-a715f02 e-flex e-con-boxed e-con e-parent\" data-id=\"a715f02\" data-element_type=\"container\" data-e-type=\"container\">\n\t\t\t\t\t<div class=\"e-con-inner\">\n\t\t\t\t\t<\/div>\n\t\t\t\t<\/div>\n\t\t\t\t<\/div>\n\t\t","protected":false},"excerpt":{"rendered":"<h2>Getr\u00e4nkeautomat<\/h2>\n<h3>zum Anmischen von trinkForm\u00ae Getr\u00e4nken auf Konzentratbasis<\/h3>\n","protected":false},"featured_media":5773,"template":"","meta":[],"product_brand":[],"product_cat":[43,82],"product_tag":[],"class_list":{"0":"post-5771","1":"product","2":"type-product","3":"status-publish","4":"has-post-thumbnail","6":"product_cat-getraenkeautomaten","7":"product_cat-standgeraete","8":"product_shipping_class-kostenlose-lieferung","10":"first","11":"instock","12":"taxable","13":"shipping-taxable","14":"purchasable","15":"product-type-simple"},"_links":{"self":[{"href":"https:\/\/trinkform.de\/en\/wp-json\/wp\/v2\/product\/5771","targetHints":{"allow":["GET"]}}],"collection":[{"href":"https:\/\/trinkform.de\/en\/wp-json\/wp\/v2\/product"}],"about":[{"href":"https:\/\/trinkform.de\/en\/wp-json\/wp\/v2\/types\/product"}],"version-history":[{"count":7,"href":"https:\/\/trinkform.de\/en\/wp-json\/wp\/v2\/product\/5771\/revisions"}],"predecessor-version":[{"id":5779,"href":"https:\/\/trinkform.de\/en\/wp-json\/wp\/v2\/product\/5771\/revisions\/5779"}],"wp:featuredmedia":[{"embeddable":true,"href":"https:\/\/trinkform.de\/en\/wp-json\/wp\/v2\/media\/5773"}],"wp:attachment":[{"href":"https:\/\/trinkform.de\/en\/wp-json\/wp\/v2\/media?parent=5771"}],"wp:term":[{"taxonomy":"product_brand","embeddable":true,"href":"https:\/\/trinkform.de\/en\/wp-json\/wp\/v2\/product_brand?post=5771"},{"taxonomy":"product_cat","embeddable":true,"href":"https:\/\/trinkform.de\/en\/wp-json\/wp\/v2\/product_cat?post=5771"},{"taxonomy":"product_tag","embeddable":true,"href":"https:\/\/trinkform.de\/en\/wp-json\/wp\/v2\/product_tag?post=5771"}],"curies":[{"name":"wp","href":"https:\/\/api.w.org\/{rel}","templated":true}]}}